{"id":81,"date":"2011-11-16T02:16:13","date_gmt":"2011-11-16T01:16:13","guid":{"rendered":"http:\/\/www.feuerwehr-brelingen.de\/wp\/?page_id=81"},"modified":"2025-05-31T01:40:39","modified_gmt":"2025-05-30T23:40:39","slug":"lf106","status":"publish","type":"page","link":"https:\/\/feuerwehr-brelingen.de\/wp\/fahrzeuge\/lf106\/","title":{"rendered":"LF10\/6"},"content":{"rendered":"<h1>L\u00f6schgruppenfahrzeug LF10\/6<\/h1>\n<p>Ein LF\u00a010\/6 ist das kleinste genormte <a href=\"http:\/\/de.wikipedia.org\/wiki\/L\u00f6schgruppenfahrzeug\">L\u00f6schgruppenfahrzeug<\/a> im deutschen Feuerwehrwesen &#8211; DIN 14530 Teil 5. Das Fahrzeug ist mit Beladung zur Brandbek\u00e4mpfung und Menschenrettung ausgestattet. Dar\u00fcber hinaus kann jedoch auch eine Sonderbeladung zur Bearbeitung weiterer Aufgaben mitgef\u00fchrt werden.<\/p>\n<table>\n<tbody>\n<tr>\n<td><strong>Funkrufname<\/strong><\/td>\n<td>Florian\u00a0Hannover Land 33-45-3<\/td>\n<td rowspan=\"13\"><img decoding=\"async\" src=\"\/wp\/wp-content\/ffb\/LF10_6_Freigestellt_DSCF0114_v2_crp_rsz300.png\" alt=\"\" \/><\/td>\n<\/tr>\n<tr>\n<td><strong>Fahrzeugbezeichnung<\/strong><\/td>\n<td>LF 10\/6<\/td>\n<\/tr>\n<tr>\n<td><strong>Kennzeichen<\/strong><\/td>\n<td>H-W 5822<\/td>\n<\/tr>\n<tr>\n<td><strong>Fahrgestell<\/strong><\/td>\n<td>MAN LE 8.140<\/td>\n<\/tr>\n<tr>\n<td><strong>Aufbau<\/strong><\/td>\n<td>Schlingmann<\/td>\n<\/tr>\n<tr>\n<td><strong>Baujahr<\/strong><\/td>\n<td>2004<\/td>\n<\/tr>\n<tr>\n<td><strong>Besatzung<\/strong><\/td>\n<td>1\/8<\/td>\n<\/tr>\n<tr>\n<td><strong>Feuerl\u00f6schpumpe<\/strong><\/td>\n<td>FPN 10-2000<br \/>\n(2000l\/min bei 10bar)<\/td>\n<\/tr>\n<tr>\n<td><strong>Tragkraftspritze<\/strong><\/td>\n<td>PFPN 10-1000<br \/>\n(1000l\/min bei 10bar)<\/td>\n<\/tr>\n<tr>\n<td><strong>L\u00f6schwassertank<\/strong><\/td>\n<td>800 Liter<\/td>\n<\/tr>\n<tr>\n<td><strong>Schaummittel<\/strong><\/td>\n<td>3 x 20 Liter<\/td>\n<\/tr>\n<tr>\n<td><strong>Zul. Gesamtgewicht<\/strong><\/td>\n<td>8.400 Kilogramm<\/td>\n<\/tr>\n<tr>\n<td><strong>Antrieb<\/strong><\/td>\n<td>Stra\u00dfe<\/td>\n<\/tr>\n<\/tbody>\n<\/table>\n<p>Zur Beladung geh\u00f6ren unter anderem vier Pressluftatmer PSS 90 (zwei davon im Mannschaftsraum), eine vierteilige Steckleiter, ein Schnellangriff mit 50 Metern formstabilen Schlauch, eine Motorkettens\u00e4ge mit Zubeh\u00f6r, ein 8 kVA-Generator sowie Beleuchtungsger\u00e4t. Es dient vornehmlich zur Brandbek\u00e4mpfung und zur Durchf\u00fchrung technischer Hilfeleistungen kleineren Umfangs.<\/p>\nngg_shortcode_0_placeholder\n<p><strong>Zus\u00e4tzliche Ausr\u00fcstung:<br \/>\n<\/strong>Notfallrucksack zur medizinischen Erstversorgung, Tauchpumpe, CO2-L\u00f6scher, \u00d6lbindemittel, Wathosen, Gullyabdeckungen, Verkehrsleitkegel und Verkehrswarnleuchten.<\/p>\nngg_shortcode_1_placeholder\nngg_shortcode_2_placeholder\nngg_shortcode_3_placeholder\nngg_shortcode_4_placeholder\nngg_shortcode_5_placeholder\n","protected":false},"excerpt":{"rendered":"<p>L\u00f6schgruppenfahrzeug LF10\/6 <\/p>\n<p>Ein LF 10\/6 ist das kleinste genormte L\u00f6schgruppenfahrzeug im deutschen Feuerwehrwesen &#8211; DIN 14530 Teil 5. Das Fahrzeug ist mit Beladung zur Brandbek\u00e4mpfung und Menschenrettung ausgestattet. Dar\u00fcber hinaus kann jedoch auch eine Sonderbeladung zur Bearbeitung weiterer Aufgaben mitgef\u00fchrt werden.<\/p>\n<p> Funkrufname Florian Hannover Land 33-45-3 Fahrzeugbezeichnung LF 10\/6 Kennzeichen H-W 5822 Fahrgestell MAN LE <\/p>\n<p><a href=\"https:\/\/feuerwehr-brelingen.de\/wp\/fahrzeuge\/lf106\/\">Weiterlesen &rarr;<\/a><\/p>\n","protected":false},"author":11,"featured_media":0,"parent":79,"menu_order":0,"comment_status":"closed","ping_status":"closed","template":"","meta":{"ngg_post_thumbnail":0,"footnotes":""},"class_list":["post-81","page","type-page","status-publish","hentry","odd"],"_links":{"self":[{"href":"https:\/\/feuerwehr-brelingen.de\/wp\/wp-json\/wp\/v2\/pages\/81","targetHints":{"allow":["GET"]}}],"collection":[{"href":"https:\/\/feuerwehr-brelingen.de\/wp\/wp-json\/wp\/v2\/pages"}],"about":[{"href":"https:\/\/feuerwehr-brelingen.de\/wp\/wp-json\/wp\/v2\/types\/page"}],"author":[{"embeddable":true,"href":"https:\/\/feuerwehr-brelingen.de\/wp\/wp-json\/wp\/v2\/users\/11"}],"replies":[{"embeddable":true,"href":"https:\/\/feuerwehr-brelingen.de\/wp\/wp-json\/wp\/v2\/comments?post=81"}],"version-history":[{"count":47,"href":"https:\/\/feuerwehr-brelingen.de\/wp\/wp-json\/wp\/v2\/pages\/81\/revisions"}],"predecessor-version":[{"id":5243,"href":"https:\/\/feuerwehr-brelingen.de\/wp\/wp-json\/wp\/v2\/pages\/81\/revisions\/5243"}],"up":[{"embeddable":true,"href":"https:\/\/feuerwehr-brelingen.de\/wp\/wp-json\/wp\/v2\/pages\/79"}],"wp:attachment":[{"href":"https:\/\/feuerwehr-brelingen.de\/wp\/wp-json\/wp\/v2\/media?parent=81"}],"curies":[{"name":"wp","href":"https:\/\/api.w.org\/{rel}","templated":true}]}}